{"id":3946,"date":"2024-01-11T07:35:58","date_gmt":"2024-01-11T07:35:58","guid":{"rendered":"https:\/\/www.roede-kro.dk\/?page_id=3946"},"modified":"2025-03-11T12:48:08","modified_gmt":"2025-03-11T12:48:08","slug":"paaske","status":"publish","type":"page","link":"https:\/\/www.roede-kro.dk\/da\/paaske\/","title":{"rendered":"P\u00e5ske"},"content":{"rendered":"\t\t<div data-elementor-type=\"wp-page\" data-elementor-id=\"3946\" class=\"elementor elementor-3946\" data-elementor-post-type=\"page\">\n\t\t\t\t<div class=\"elementor-element elementor-element-01ae045 e-con-full e-flex e-con e-parent\" data-id=\"01ae045\" data-element_type=\"container\" data-e-type=\"container\" data-settings=\"{&quot;background_background&quot;:&quot;classic&quot;}\">\n\t\t\t\t<div class=\"elementor-element elementor-element-aa01d0a elementor-widget elementor-widget-heading\" data-id=\"aa01d0a\" data-element_type=\"widget\" data-e-type=\"widget\" data-widget_type=\"heading.default\">\n\t\t\t\t<div class=\"elementor-widget-container\">\n\t\t\t\t\t<h1 class=\"elementor-heading-title elementor-size-default\">P\u00e5ske 2025<\/h1>\t\t\t\t<\/div>\n\t\t\t\t<\/div>\n\t\t\t\t<\/div>\n\t\t<div class=\"elementor-element elementor-element-1bcfc03 e-flex e-con-boxed e-con e-parent\" data-id=\"1bcfc03\" data-element_type=\"container\" data-e-type=\"container\">\n\t\t\t\t\t<div class=\"e-con-inner\">\n\t\t\t\t<div class=\"elementor-element elementor-element-905083f elementor-widget elementor-widget-heading\" data-id=\"905083f\" data-element_type=\"widget\" data-e-type=\"widget\" data-widget_type=\"heading.default\">\n\t\t\t\t<div class=\"elementor-widget-container\">\n\t\t\t\t\t<h2 class=\"elementor-heading-title elementor-size-default\">P\u00e5skefrokost p\u00e5 Hotel R\u00f8de-Kro<\/h2>\t\t\t\t<\/div>\n\t\t\t\t<\/div>\n\t\t\t\t<div class=\"elementor-element elementor-element-3dbede0 elementor-widget elementor-widget-text-editor\" data-id=\"3dbede0\" data-element_type=\"widget\" data-e-type=\"widget\" data-widget_type=\"text-editor.default\">\n\t\t\t\t<div class=\"elementor-widget-container\">\n\t\t\t\t\t\t\t\t\t<p>P\u00e5sken st\u00e5r for d\u00f8ren og med den en masse hyggelige stunder, hvor vi samles om et veld\u00e6kket bord med god mad. Vil du samle familie og venner til en hyggelig p\u00e5skefrokost, uden n\u00f8dvendigvis at bruge dagevis p\u00e5 at lave mad, s\u00e5 lad os st\u00e5 for menuen.<\/p><p>Vi holder \u00e5bent til frokost sk\u00e6rtorsdag d. 17\/4 2025 til og med 2. p\u00e5skedag d. 21\/4 2025 fra 11:30-14:30.<br \/>Her er det muligt at bestille vores p\u00e5skeanretning mod forudbestilling senest dagen f\u00f8r kl. 12:00<\/p>\t\t\t\t\t\t\t\t<\/div>\n\t\t\t\t<\/div>\n\t\t<div class=\"elementor-element elementor-element-f69ebd6 e-con-full e-flex e-con e-child\" data-id=\"f69ebd6\" data-element_type=\"container\" data-e-type=\"container\">\n\t\t\t\t<div class=\"elementor-element elementor-element-cfc785d elementor-align-left elementor-mobile-align-center elementor-widget elementor-widget-button\" data-id=\"cfc785d\" data-element_type=\"widget\" data-e-type=\"widget\" data-widget_type=\"button.default\">\n\t\t\t\t<div class=\"elementor-widget-container\">\n\t\t\t\t\t\t\t\t\t<div class=\"elementor-button-wrapper\">\n\t\t\t\t\t<a class=\"elementor-button elementor-button-link elementor-size-sm\" href=\"https:\/\/dinnerbooking.com\/dk\/da-DK\/eventbooking\/event\/13817\/paske-pa-hotel-rode-kro\" target=\"_blank\">\n\t\t\t\t\t\t<span class=\"elementor-button-content-wrapper\">\n\t\t\t\t\t\t\t\t\t<span class=\"elementor-button-text\">Bestil bord<\/span>\n\t\t\t\t\t<\/span>\n\t\t\t\t\t<\/a>\n\t\t\t\t<\/div>\n\t\t\t\t\t\t\t\t<\/div>\n\t\t\t\t<\/div>\n\t\t\t\t<div class=\"elementor-element elementor-element-dec501e elementor-align-left elementor-mobile-align-center elementor-widget elementor-widget-button\" data-id=\"dec501e\" data-element_type=\"widget\" data-e-type=\"widget\" data-widget_type=\"button.default\">\n\t\t\t\t<div class=\"elementor-widget-container\">\n\t\t\t\t\t\t\t\t\t<div class=\"elementor-button-wrapper\">\n\t\t\t\t\t<a class=\"elementor-button elementor-button-link elementor-size-sm\" href=\"https:\/\/dinnerbooking.com\/dk\/da-DK\/eventbooking\/event\/13660\/paskeanretning-2025\" target=\"_blank\">\n\t\t\t\t\t\t<span class=\"elementor-button-content-wrapper\">\n\t\t\t\t\t\t\t\t\t<span class=\"elementor-button-text\">Bestil til afhentning<\/span>\n\t\t\t\t\t<\/span>\n\t\t\t\t\t<\/a>\n\t\t\t\t<\/div>\n\t\t\t\t\t\t\t\t<\/div>\n\t\t\t\t<\/div>\n\t\t\t\t<\/div>\n\t\t\t\t\t<\/div>\n\t\t\t\t<\/div>\n\t\t<div class=\"elementor-element elementor-element-352fa17 e-flex e-con-boxed e-con e-parent\" data-id=\"352fa17\" data-element_type=\"container\" data-e-type=\"container\">\n\t\t\t\t\t<div class=\"e-con-inner\">\n\t\t\t\t<div class=\"elementor-element elementor-element-45de53b elementor-widget elementor-widget-template\" data-id=\"45de53b\" data-element_type=\"widget\" data-e-type=\"widget\" data-widget_type=\"template.default\">\n\t\t\t\t<div class=\"elementor-widget-container\">\n\t\t\t\t\t\t\t<div class=\"elementor-template\">\n\t\t\t\t\t<div data-elementor-type=\"section\" data-elementor-id=\"3952\" class=\"elementor elementor-3952\" data-elementor-post-type=\"elementor_library\">\n\t\t\t<div class=\"elementor-element elementor-element-fc9197a e-flex e-con-boxed e-con e-parent\" data-id=\"fc9197a\" data-element_type=\"container\" data-e-type=\"container\">\n\t\t\t\t\t<div class=\"e-con-inner\">\n\t\t<div class=\"elementor-element elementor-element-2dc04f6 e-con-full e-flex e-con e-child\" data-id=\"2dc04f6\" data-element_type=\"container\" data-e-type=\"container\">\n\t\t\t\t<div class=\"elementor-element elementor-element-0b717fb elementor-widget elementor-widget-heading\" data-id=\"0b717fb\" data-element_type=\"widget\" data-e-type=\"widget\" data-widget_type=\"heading.default\">\n\t\t\t\t<div class=\"elementor-widget-container\">\n\t\t\t\t\t<h2 class=\"elementor-heading-title elementor-size-default\">P\u00e5skeanretning<\/h2>\t\t\t\t<\/div>\n\t\t\t\t<\/div>\n\t\t\t\t<\/div>\n\t\t<div class=\"elementor-element elementor-element-0d87385 e-con-full e-flex e-con e-child\" data-id=\"0d87385\" data-element_type=\"container\" data-e-type=\"container\">\n\t\t<div class=\"elementor-element elementor-element-836cd10 e-con-full e-flex e-con e-child\" data-id=\"836cd10\" data-element_type=\"container\" data-e-type=\"container\">\n\t\t\t\t<div class=\"elementor-element elementor-element-b17af87 elementor-widget elementor-widget-text-editor\" data-id=\"b17af87\" data-element_type=\"widget\" data-e-type=\"widget\" data-widget_type=\"text-editor.default\">\n\t\t\t\t<div class=\"elementor-widget-container\">\n\t\t\t\t\t\t\t\t\t<p>Kroens sol\u00e6g<br \/>Marineret sild med karrysalat<br \/>Hvidl\u00f8gsstegte scampirejer med mild aioli<br \/>Koldr\u00f8get laks med purl\u00f8gscreme<br \/>H\u00f8nsesalat med spr\u00f8dstegt bacon<br \/>Spegeskinke med \u00e6ggestand<br \/>R\u00f8get svinem\u00f8rbrad med spr\u00f8de l\u00f8gringe og hytteostcreme<br \/>Bresaola med parmesanchips og mayo med solt\u00f8rrede tomater<br \/>Kartoffelsouffl\u00e9 i butterdej med bacon og skinke<br \/>2 Unika oste med syltede n\u00f8dder<br \/>\u00c6blemazarinkage med gold mousse<br \/>Hertil rugbr\u00f8d, maltbr\u00f8d, hjemmelavet kn\u00e6kbr\u00f8d og sm\u00f8r<\/p>\t\t\t\t\t\t\t\t<\/div>\n\t\t\t\t<\/div>\n\t\t\t\t<div class=\"elementor-element elementor-element-0578f86 elementor-widget elementor-widget-text-editor\" data-id=\"0578f86\" data-element_type=\"widget\" data-e-type=\"widget\" data-widget_type=\"text-editor.default\">\n\t\t\t\t<div class=\"elementor-widget-container\">\n\t\t\t\t\t\t\t\t\t<p><strong>Pris per person<\/strong><\/p>\t\t\t\t\t\t\t\t<\/div>\n\t\t\t\t<\/div>\n\t\t\t\t<div class=\"elementor-element elementor-element-2ed55f3 elementor-widget elementor-widget-text-editor\" data-id=\"2ed55f3\" data-element_type=\"widget\" data-e-type=\"widget\" data-widget_type=\"text-editor.default\">\n\t\t\t\t<div class=\"elementor-widget-container\">\n\t\t\t\t\t\t\t\t\t<p>278,00<\/p>\t\t\t\t\t\t\t\t<\/div>\n\t\t\t\t<\/div>\n\t\t\t\t<div class=\"elementor-element elementor-element-d4de35f elementor-widget elementor-widget-text-editor\" data-id=\"d4de35f\" data-element_type=\"widget\" data-e-type=\"widget\" data-widget_type=\"text-editor.default\">\n\t\t\t\t<div class=\"elementor-widget-container\">\n\t\t\t\t\t\t\t\t\t<p><em>(minimum 2 kuverter)<br \/><\/em><\/p>\t\t\t\t\t\t\t\t<\/div>\n\t\t\t\t<\/div>\n\t\t\t\t<\/div>\n\t\t\t\t<\/div>\n\t\t\t\t\t<\/div>\n\t\t\t\t<\/div>\n\t\t\t\t<\/div>\n\t\t\t\t<\/div>\n\t\t\t\t\t\t<\/div>\n\t\t\t\t<\/div>\n\t\t\t\t\t<\/div>\n\t\t\t\t<\/div>\n\t\t\t\t<\/div>\n\t\t","protected":false},"excerpt":{"rendered":"<p>P\u00e5ske 2025 P\u00e5skefrokost p\u00e5 Hotel R\u00f8de-Kro P\u00e5sken st\u00e5r for d\u00f8ren og med den en masse hyggelige stunder, hvor vi samles om et veld\u00e6kket bord med god mad. Vil du samle familie og venner til en hyggelig p\u00e5skefrokost, uden n\u00f8dvendigvis at bruge dagevis p\u00e5 at lave mad, s\u00e5 lad os st\u00e5 for menuen. Vi holder \u00e5bent [&hellip;]<\/p>\n","protected":false},"author":1,"featured_media":0,"parent":0,"menu_order":0,"comment_status":"closed","ping_status":"closed","template":"elementor_header_footer","meta":{"footnotes":""},"class_list":["post-3946","page","type-page","status-publish","hentry"],"yoast_head":"<!-- This site is optimized with the Yoast SEO plugin v27.0 - https:\/\/yoast.com\/product\/yoast-seo-wordpress\/ -->\n<title>P\u00e5ske - Hotel R\u00f8de-Kro<\/title>\n<meta name=\"robots\" content=\"index, follow, max-snippet:-1, max-image-preview:large, max-video-preview:-1\" \/>\n<link rel=\"canonical\" href=\"https:\/\/www.roede-kro.dk\/da\/paaske\/\" \/>\n<meta property=\"og:locale\" content=\"da_DK\" \/>\n<meta property=\"og:type\" content=\"article\" \/>\n<meta property=\"og:title\" content=\"P\u00e5ske - Hotel R\u00f8de-Kro\" \/>\n<meta property=\"og:description\" content=\"P\u00e5ske 2025 P\u00e5skefrokost p\u00e5 Hotel R\u00f8de-Kro P\u00e5sken st\u00e5r for d\u00f8ren og med den en masse hyggelige stunder, hvor vi samles om et veld\u00e6kket bord med god mad. Vil du samle familie og venner til en hyggelig p\u00e5skefrokost, uden n\u00f8dvendigvis at bruge dagevis p\u00e5 at lave mad, s\u00e5 lad os st\u00e5 for menuen. Vi holder \u00e5bent [&hellip;]\" \/>\n<meta property=\"og:url\" content=\"https:\/\/www.roede-kro.dk\/da\/paaske\/\" \/>\n<meta property=\"og:site_name\" content=\"Hotel R\u00f8de-Kro\" \/>\n<meta property=\"article:modified_time\" content=\"2025-03-11T12:48:08+00:00\" \/>\n<meta name=\"twitter:card\" content=\"summary_large_image\" \/>\n<meta name=\"twitter:label1\" content=\"Estimeret l\u00e6setid\" \/>\n\t<meta name=\"twitter:data1\" content=\"2 minutter\" \/>\n<!-- \/ Yoast SEO plugin. -->","yoast_head_json":{"title":"P\u00e5ske - Hotel R\u00f8de-Kro","robots":{"index":"index","follow":"follow","max-snippet":"max-snippet:-1","max-image-preview":"max-image-preview:large","max-video-preview":"max-video-preview:-1"},"canonical":"https:\/\/www.roede-kro.dk\/da\/paaske\/","og_locale":"da_DK","og_type":"article","og_title":"P\u00e5ske - Hotel R\u00f8de-Kro","og_description":"P\u00e5ske 2025 P\u00e5skefrokost p\u00e5 Hotel R\u00f8de-Kro P\u00e5sken st\u00e5r for d\u00f8ren og med den en masse hyggelige stunder, hvor vi samles om et veld\u00e6kket bord med god mad. Vil du samle familie og venner til en hyggelig p\u00e5skefrokost, uden n\u00f8dvendigvis at bruge dagevis p\u00e5 at lave mad, s\u00e5 lad os st\u00e5 for menuen. Vi holder \u00e5bent [&hellip;]","og_url":"https:\/\/www.roede-kro.dk\/da\/paaske\/","og_site_name":"Hotel R\u00f8de-Kro","article_modified_time":"2025-03-11T12:48:08+00:00","twitter_card":"summary_large_image","twitter_misc":{"Estimeret l\u00e6setid":"2 minutter"},"schema":{"@context":"https:\/\/schema.org","@graph":[{"@type":"WebPage","@id":"https:\/\/www.roede-kro.dk\/paaske\/","url":"https:\/\/www.roede-kro.dk\/paaske\/","name":"P\u00e5ske - Hotel R\u00f8de-Kro","isPartOf":{"@id":"https:\/\/www.roede-kro.dk\/#website"},"datePublished":"2024-01-11T07:35:58+00:00","dateModified":"2025-03-11T12:48:08+00:00","breadcrumb":{"@id":"https:\/\/www.roede-kro.dk\/paaske\/#breadcrumb"},"inLanguage":"da-DK","potentialAction":[{"@type":"ReadAction","target":["https:\/\/www.roede-kro.dk\/paaske\/"]}]},{"@type":"BreadcrumbList","@id":"https:\/\/www.roede-kro.dk\/paaske\/#breadcrumb","itemListElement":[{"@type":"ListItem","position":1,"name":"Hjem","item":"https:\/\/www.roede-kro.dk\/"},{"@type":"ListItem","position":2,"name":"P\u00e5ske"}]},{"@type":"WebSite","@id":"https:\/\/www.roede-kro.dk\/#website","url":"https:\/\/www.roede-kro.dk\/","name":"Hotel R\u00f8de-Kro","description":"","publisher":{"@id":"https:\/\/www.roede-kro.dk\/#organization"},"potentialAction":[{"@type":"SearchAction","target":{"@type":"EntryPoint","urlTemplate":"https:\/\/www.roede-kro.dk\/?s={search_term_string}"},"query-input":{"@type":"PropertyValueSpecification","valueRequired":true,"valueName":"search_term_string"}}],"inLanguage":"da-DK"},{"@type":"Organization","@id":"https:\/\/www.roede-kro.dk\/#organization","name":"Hotel R\u00f8de-Kro","url":"https:\/\/www.roede-kro.dk\/","logo":{"@type":"ImageObject","inLanguage":"da-DK","@id":"https:\/\/www.roede-kro.dk\/#\/schema\/logo\/image\/","url":"https:\/\/www.roede-kro.dk\/wp-content\/uploads\/Logo.png","contentUrl":"https:\/\/www.roede-kro.dk\/wp-content\/uploads\/Logo.png","width":1902,"height":508,"caption":"Hotel R\u00f8de-Kro"},"image":{"@id":"https:\/\/www.roede-kro.dk\/#\/schema\/logo\/image\/"}}]}},"_links":{"self":[{"href":"https:\/\/www.roede-kro.dk\/da\/wp-json\/wp\/v2\/pages\/3946","targetHints":{"allow":["GET"]}}],"collection":[{"href":"https:\/\/www.roede-kro.dk\/da\/wp-json\/wp\/v2\/pages"}],"about":[{"href":"https:\/\/www.roede-kro.dk\/da\/wp-json\/wp\/v2\/types\/page"}],"author":[{"embeddable":true,"href":"https:\/\/www.roede-kro.dk\/da\/wp-json\/wp\/v2\/users\/1"}],"replies":[{"embeddable":true,"href":"https:\/\/www.roede-kro.dk\/da\/wp-json\/wp\/v2\/comments?post=3946"}],"version-history":[{"count":52,"href":"https:\/\/www.roede-kro.dk\/da\/wp-json\/wp\/v2\/pages\/3946\/revisions"}],"predecessor-version":[{"id":5554,"href":"https:\/\/www.roede-kro.dk\/da\/wp-json\/wp\/v2\/pages\/3946\/revisions\/5554"}],"wp:attachment":[{"href":"https:\/\/www.roede-kro.dk\/da\/wp-json\/wp\/v2\/media?parent=3946"}],"curies":[{"name":"wp","href":"https:\/\/api.w.org\/{rel}","templated":true}]}}